{"id":3,"date":"2023-01-24T16:29:15","date_gmt":"2023-01-24T16:29:15","guid":{"rendered":"http:\/\/unvisible.dentallabor-thiele.de\/?page_id=3"},"modified":"2024-03-22T12:52:47","modified_gmt":"2024-03-22T12:52:47","slug":"datenschutz","status":"publish","type":"page","link":"https:\/\/dentallabor-thiele.de\/?page_id=3","title":{"rendered":"Datenschutz"},"content":{"rendered":"<p>[et_pb_section fb_built=&#8220;1&#8243; _builder_version=&#8220;4.16&#8243; global_colors_info=&#8220;{}&#8220;][et_pb_row _builder_version=&#8220;4.16&#8243; background_size=&#8220;initial&#8220; background_position=&#8220;top_left&#8220; background_repeat=&#8220;repeat&#8220; global_colors_info=&#8220;{}&#8220;][et_pb_column type=&#8220;4_4&#8243; _builder_version=&#8220;4.16&#8243; custom_padding=&#8220;|||&#8220; global_colors_info=&#8220;{}&#8220; custom_padding__hover=&#8220;|||&#8220;][et_pb_text _builder_version=&#8220;4.19.4&#8243; background_size=&#8220;initial&#8220; background_position=&#8220;top_left&#8220; background_repeat=&#8220;repeat&#8220; global_colors_info=&#8220;{}&#8220;]<!-- divi:heading --><\/p>\n<h2>Datenschutz<\/h2>\n<p>&nbsp;<\/p>\n<p>Die Nutzung unserer Webseite ist in der Regel ohne Angabe personenbezogener Daten m\u00f6glich. Soweit auf unseren Seiten personenbezogene Daten (beispielsweise Name, Anschrift oder eMail-Adressen) erhoben werden, erfolgt dies, soweit m\u00f6glich, stets auf freiwilliger Basis. Diese Daten werden ohne Ihre ausdr\u00fcckliche Zustimmung nicht an Dritte weitergegeben.<\/p>\n<p>Wir weisen darauf hin, dass die Daten\u00fcbertragung im Internet (z.B. bei der Kommunikation per E-Mail) Sicherheitsl\u00fccken aufweisen kann. Ein l\u00fcckenloser Schutz der Daten vor dem Zugriff durch Dritte ist nicht m\u00f6glich. Der Nutzung von im Rahmen der Impressumspflicht ver\u00f6ffentlichten Kontaktdaten durch Dritte zur \u00dcbersendung von nicht ausdr\u00fccklich angeforderter Werbung und Informationsmaterialien wird hiermit ausdr\u00fccklich widersprochen. Die Betreiber der Seiten behalten sich ausdr\u00fccklich rechtliche Schritte im Falle der unverlangten Zusendung von Werbeinformationen, etwa durch Spam-Mails, vor.<\/p>\n<h2>Name und Anschrift des f\u00fcr die Verarbeitung Verantwortlichen<\/h2>\n<p>Verantwortliche Stelle im Sinne der Datenschutz-Grundverordnung (DSGVO) f\u00fcr die Verarbeitung der personenbezogenen Daten sind:<\/p>\n<p>Dental-Labor Sandro Thiele<br \/>Tschaikowskistra\u00dfe 24<br \/>99096 Erfurt<br \/><a href=\"mailto:info@dentallabor-thiele.de\">info@dentallabor-thiele.de<\/a><\/p>\n<h2>Automatische Speicherung von Daten durch Besuch unserer Website<\/h2>\n<p>Bei der blo\u00df informatorischen Nutzung der Website erheben wir nur die personenbezogenen Daten, die Ihr Browser an unseren Server \u00fcbermittelt und die f\u00fcr uns technisch erforderlich sind, um Ihnen unsere Website anzuzeigen und die Stabilit\u00e4t und Sicherheit zu gew\u00e4hrleisten. Erfasst werden folgende Informationen:\u00a0<\/p>\n<ul>\n<li>IP-Adresse<\/li>\n<li>Datum und Uhrzeit der Anfrage<\/li>\n<li>Inhalt der Anforderung (konkrete Seite)<\/li>\n<li>Zugriffsstatus\/HTTP-Statuscode<\/li>\n<li>\u00fcbertragene Datenmenge<\/li>\n<li>Website, von der die Anforderung kommt<\/li>\n<li>Browser<\/li>\n<li>Betriebssystem und dessen Oberfl\u00e4che<\/li>\n<li>Sprache und Version der Browsersoftware.<\/li>\n<\/ul>\n<p>Die Verarbeitung erfolgt gem\u00e4\u00df Art. 6 Abs. 1 lit. f DSGVO auf Basis unseres berechtigten Interesses an der Verbesserung der Stabilit\u00e4t und Funktionalit\u00e4t unserer Website. Eine Weitergabe oder anderweitige Verwendung der Daten findet nicht statt. Wir behalten uns allerdings vor, die Server-Logfiles nachtr\u00e4glich zu \u00fcberpr\u00fcfen, sollten konkrete Anhaltspunkte auf eine rechtswidrige Nutzung hinweisen.<\/p>\n<h2>Kontaktm\u00f6glichkeit \u00fcber die Internetseite<\/h2>\n<p>Im Rahmen der Kontaktaufnahme per E-Mail mit uns werden personenbezogene Daten erhoben. Diese Daten werden ausschlie\u00dflich zum Zweck der Beantwortung Ihres Anliegens bzw. f\u00fcr die Kontaktaufnahme und die damit verbundene technische Administration gespeichert und verwendet. Rechtsgrundlage f\u00fcr die Verarbeitung der Daten ist unser berechtigtes Interesse an der Beantwortung Ihres Anliegens gem\u00e4\u00df Art. 6 Abs. 1 lit. f DSGVO. Zielt Ihre Kontaktierung auf den Abschluss eines Vertrages ab, so ist zus\u00e4tzliche Rechtsgrundlage f\u00fcr die Verarbeitung Art. 6 Abs. 1 lit. b DSGVO. Ihre Daten werden nach abschlie\u00dfender Bearbeitung Ihrer Anfrage gel\u00f6scht, dies ist der Fall, wenn sich aus den Umst\u00e4nden entnehmen l\u00e4sst, dass der betroffene Sachverhalt abschlie\u00dfend gekl\u00e4rt ist und sofern keine gesetzlichen Aufbewahrungspflichten entgegenstehen.<\/p>\n<h2>Cookies<\/h2>\n<p>Unsere Webseite verwendet keine Cookies.<\/p>\n<h2>Ihre Rechte<\/h2>\n<p>Das geltende Datenschutzrecht gew\u00e4hrt Ihnen gegen\u00fcber dem Verantwortlichen hinsichtlich der Verarbeitung Ihrer personenbezogenen Daten umfassende Betroffenenrechte (Auskunfts- und Interventionsrechte), \u00fcber die wir Sie nachstehend informieren:<\/p>\n<p><strong>Auskunftsrecht gem\u00e4\u00df Art. 15 DSGVO:<\/strong><span>\u00a0<\/span>Sie haben insbesondere ein Recht auf Auskunft \u00fcber Ihre von uns verarbeiteten personenbezogenen Daten, die Verarbeitungszwecke, die Kategorien der verarbeiteten personenbezogenen Daten, die Empf\u00e4nger oder Kategorien von Empf\u00e4ngern, gegen\u00fcber denen Ihre Daten offengelegt wurden oder werden, die geplante Speicherdauer bzw. die Kriterien f\u00fcr die Festlegung der Speicherdauer, das Bestehen eines Rechts auf Berichtigung, L\u00f6schung, Einschr\u00e4nkung der Verarbeitung, Widerspruch gegen die Verarbeitung, Beschwerde bei einer Aufsichtsbeh\u00f6rde, die Herkunft Ihrer Daten, wenn diese nicht durch uns bei Ihnen erhoben wurden, das Bestehen einer automatisierten Entscheidungsfindung einschlie\u00dflich Profiling und ggf. aussagekr\u00e4ftige Informationen \u00fcber die involvierte Logik und die Sie betreffende Tragweite und die angestrebten Auswirkungen einer solchen Verarbeitung, sowie Ihr Recht auf Unterrichtung, welche Garantien gem\u00e4\u00df Art. 46 DSGVO bei Weiterleitung Ihrer Daten in Drittl\u00e4nder bestehen;<\/p>\n<p><strong>Recht auf Berichtigung gem\u00e4\u00df Art. 16 DSGVO:<\/strong><span>\u00a0<\/span>Sie haben ein Recht auf unverz\u00fcgliche Berichtigung Sie betreffender unrichtiger Daten und\/oder Vervollst\u00e4ndigung Ihrer bei uns gespeicherten unvollst\u00e4ndigen Daten;<\/p>\n<p><strong>Recht auf L\u00f6schung gem\u00e4\u00df Art. 17 DSGVO:<\/strong><span>\u00a0<\/span>Sie haben das Recht, die L\u00f6schung Ihrer personenbezogenen Daten bei Vorliegen der Voraussetzungen des Art. 17 Abs. 1 DSGVO zu verlangen. Dieses Recht besteht jedoch insbesondere dann nicht, wenn die Verarbeitung zur Aus\u00fcbung des Rechts auf freie Meinungs\u00e4u\u00dferung und Information, zur Erf\u00fcllung einer rechtlichen Verpflichtung, aus Gr\u00fcnden des \u00f6ffentlichen Interesses oder zur Geltendmachung, Aus\u00fcbung oder Verteidigung von Rechtsanspr\u00fcchen erforderlich ist;<\/p>\n<p><strong>Recht auf Einschr\u00e4nkung der Verarbeitung gem\u00e4\u00df Art. 18 DSGVO:<\/strong><span>\u00a0<\/span>Sie haben das Recht, die Einschr\u00e4nkung der Verarbeitung Ihrer personenbezogenen Daten zu verlangen, solange die von Ihnen bestrittene Richtigkeit Ihrer Daten \u00fcberpr\u00fcft wird, wenn Sie eine L\u00f6schung Ihrer Daten wegen unzul\u00e4ssiger Datenverarbeitung ablehnen und stattdessen die Einschr\u00e4nkung der Verarbeitung Ihrer Daten verlangen, wenn Sie Ihre Daten zur Geltendmachung, Aus\u00fcbung oder Verteidigung von Rechtsanspr\u00fcchen ben\u00f6tigen, nachdem wir diese Daten nach Zweckerreichung nicht mehr ben\u00f6tigen oder wenn Sie Widerspruch aus Gr\u00fcnden Ihrer besonderen Situation eingelegt haben, solange noch nicht feststeht, ob unsere berechtigten Gr\u00fcnde \u00fcberwiegen;<\/p>\n<p><strong>Recht auf Unterrichtung gem\u00e4\u00df Art. 19 DSGVO:<\/strong><span>\u00a0<\/span>Haben Sie das Recht auf Berichtigung, L\u00f6schung oder Einschr\u00e4nkung der Verarbeitung gegen\u00fcber dem Verantwortlichen geltend gemacht, ist dieser verpflichtet, allen Empf\u00e4ngern, denen die Sie betreffenden personenbezogenen Daten offengelegt wurden, diese Berichtigung oder L\u00f6schung der Daten oder Einschr\u00e4nkung der Verarbeitung mitzuteilen, es sei denn, dies erweist sich als unm\u00f6glich oder ist mit einem unverh\u00e4ltnism\u00e4\u00dfigen Aufwand verbunden. Ihnen steht das Recht zu, \u00fcber diese Empf\u00e4nger unterrichtet zu werden. Recht auf Daten\u00fcbertragbarkeit gem\u00e4\u00df Art. 20 DSGVO: Sie haben das Recht, Ihre personenbezogenen Daten, die Sie uns bereitgestellt haben, in einem strukturierten, g\u00e4ngigen und maschinenlesebaren Format zu erhalten oder die \u00dcbermittlung an einen anderen Verantwortlichen zu verlangen, soweit dies technisch machbar ist;<\/p>\n<p><strong>Recht auf Widerruf erteilter Einwilligungen gem\u00e4\u00df Art. 7 Abs. 3 DSGVO:<\/strong><span>\u00a0<\/span>Sie haben das Recht, eine einmal erteilte Einwilligung in die Verarbeitung von Daten jederzeit mit Wirkung f\u00fcr die Zukunft zu widerrufen. Im Falle des Widerrufs werden wir die betroffenen Daten unverz\u00fcglich l\u00f6schen, sofern eine weitere Verarbeitung nicht auf eine Rechtsgrundlage zur einwilligungslosen Verarbeitung gest\u00fctzt werden kann. Durch den Widerruf der Einwilligung wird die Rechtm\u00e4\u00dfigkeit der aufgrund der Einwilligung bis zum Widerruf erfolgten Verarbeitung nicht ber\u00fchrt;<\/p>\n<p><strong>Recht auf Beschwerde gem\u00e4\u00df Art. 77 DSGVO:<\/strong><span>\u00a0<\/span>Wenn Sie der Ansicht sind, dass die Verarbeitung der Sie betreffenden personenbezogenen Daten gegen die DSGVO verst\u00f6\u00dft, haben Sie &#8211; unbeschadet eines anderweitigen verwaltungsrechtlichen oder gerichtlichen Rechtsbehelfs &#8211; das Recht auf Beschwerde bei einer Aufsichtsbeh\u00f6rde, insbesondere in dem Mitgliedstaat Ihres Aufenthaltsortes, Ihres Arbeitsplatzes oder des Ortes des mutma\u00dflichen Versto\u00dfes. Eine Liste der deutschen Datenschutzbeauftragten sowie deren Kontaktdaten k\u00f6nnen folgendem Link entnommen werden:<span>\u00a0<\/span><a href=\"https:\/\/www.bfdi.bund.de\/DE\/Infothek\/Anschriften_Links\/anschriften_links-node.html\" rel=\"noopener noreferrer\" target=\"_blank\">bfdi.bund.de\/DE\/Infothek\/Anschriften_Links\/anschriften_links-node.html<\/a>.<\/p>\n<h2>Widerspruchsrecht<\/h2>\n<p>Wenn wir im Rahmen einer Interessenabw\u00e4gung Ihre personenbezogenen Daten aufgrund unseres \u00fcberwiegenden berechtigten Interesses verarbeiten, haben Sie das jederzeitige Recht, aus Gr\u00fcnden, die sich aus Ihrer besonderen Situation ergeben, gegen diese Verarbeitung Widerspruch mit Wirkung f\u00fcr die Zukunft einzulegen.<\/p>\n<p>Machen Sie von Ihrem Widerspruchsrecht Gebrauch, beenden wir die Verarbeitung der betroffenen Daten. Eine Weiterverarbeitung bleibt aber vorbehalten, wenn wir zwingende schutzw\u00fcrdige Gr\u00fcnde f\u00fcr die Verarbeitung nachweisen k\u00f6nnen, die Ihre Interessen, Grundrechte und Grundfreiheiten \u00fcberwiegen, oder wenn die Verarbeitung der Geltendmachung, Aus\u00fcbung oder Verteidigung von Rechtsanspr\u00fcchen dient.<\/p>\n<p>Werden Ihre personenbezogenen Daten von uns verarbeitet, um Direktwerbung zu betreiben, haben Sie das Recht, jederzeit Widerspruch gegen die Verarbeitung Sie betreffender personenbezogener Daten zum Zwecke derartiger Werbung einzulegen. Sie k\u00f6nnen den Widerspruch wie oben beschrieben aus\u00fcben.<\/p>\n<p>Machen Sie von Ihrem Widerspruchsrecht Gebrauch, beenden wir die Verarbeitung der betroffenen Daten zu Direktwerbezwecken.<\/p>\n<h2>Sicherheit<\/h2>\n<p>Wir treffen alle notwendigen technischen und organisatorischen Sicherheitsma\u00dfnahmen, um Ihre personenbezogenen Daten vor Verlust und Missbrauch zu sch\u00fctzen. So werden Ihre Daten in einer sicheren Betriebsumgebung gespeichert, die der \u00d6ffentlichkeit nicht zug\u00e4nglich ist.<\/p>\n<p>&nbsp;<\/p>\n<h2 class=\"wp-block-heading\">Datenschutz bei Bewerbungen und im Bewerbungsverfahren<\/h2>\n<p>Der f\u00fcr die Verarbeitung Verantwortliche erhebt und verarbeitet die personenbezogenen Daten von Bewerbern zum Zwecke der Abwicklung des Bewerbungsverfahrens. Die Verarbeitung kann auch auf elektronischem Wege erfolgen. Dies ist insbesondere dann der Fall, wenn ein Bewerber entsprechende Bewerbungsunterlagen auf dem elektronischen Wege, beispielsweise per E-Mail oder \u00fcber ein auf der Internetseite befindliches Webformular, an den f\u00fcr die Verarbeitung Verantwortlichen \u00fcbermittelt. Schlie\u00dft der f\u00fcr die Verarbeitung Verantwortliche einen Anstellungsvertrag mit einem Bewerber, werden die \u00fcbermittelten Daten zum Zwecke der Abwicklung des Besch\u00e4ftigungsverh\u00e4ltnisses unter Beachtung der gesetzlichen Vorschriften gespeichert. Wird von dem f\u00fcr die Verarbeitung Verantwortlichen kein Anstellungsvertrag mit dem Bewerber geschlossen, so werden die Bewerbungsunterlagen zw\u00f6lf Monate nach Bekanntgabe der Absageentscheidung automatisch gel\u00f6scht, sofern einer L\u00f6schung keine sonstigen berechtigten Interessen des f\u00fcr die Verarbeitung Verantwortlichen entgegenstehen. Sonstiges berechtigtes Interesse in diesem Sinne ist beispielsweise eine Beweispflicht in einem Verfahren nach dem Allgemeinen Gleichbehandlungsgesetz (AGG).\u00a0<\/p>\n<h2>Jotform<\/h2>\n<p>Die personenbezogenen Daten werden \u00fcber einen Europ\u00e4ischen Server in Deutschland gespeichert. Die Daten werden ausschliesslich in Europa (Deutschland) gespeichert. Weitere Informationen zu Zweck und Umfang der Datenerhebung und ihrer Verarbeitung durch Jotform erhalten Sie in der Jotform Datenschutzinformation. Die Jotform -Datenschutzinformation finden Sie unter: <a href=\"https:\/\/www.jotform.com\/privacy\/\">https:\/\/www.jotform.com\/privacy\/<\/a> und unter: <a href=\"https:\/\/eu.jotform.com\/de\/security\/\">https:\/\/eu.jotform.com\/de\/security\/<\/a><\/p>\n<p>&nbsp;<\/p>\n<p>Wir setzen folgende(n) Anbieter ein:<\/p>\n<p><span>Jotform Inc.\u00a0<\/span><br \/><span>4 Embarcadero Center, Suite 780<\/span><br \/><span>San Francisco CA 94111<\/span><\/p>\n<p><span><\/span><\/p>\n<h2>Wistia<\/h2>\n<p>Wir verwenden f\u00fcr unsere Videos die Video-Hosting-Plattform der Wistia, Inc., 120 Brookline Street, Cambridge, Massachusetts, 02139 USA (\u201eWistia\u201c). Rechtsgrundlage f\u00fcr die Nutzung ist Ihre Einwilligung gem\u00e4\u00df Art. 6 Abs. 1 S. 1 lit. a) und Art. 49 Abs. 1 S. 1 lit. a DSGVO.<br \/>Die Videos sind so eingebunden, dass Daten \u00fcber Sie als Nutzer erst dann \u00fcbertragen werden, wenn Sie die Videos abspielen.\u00a0<br \/>Durch das Abspielen eines Videos erh\u00e4lt Wistia in unserem Auftrag Information wie IP-Adresse, geografischen Standort, Browserinformationen, Ger\u00e4teinformationen und Informationen in Bezug auf die Nutzung der Websites, Medien und Dienste umfassen (z. B. wie viele und welche Medien von einem bestimmten Benutzer angesehen wurden, von wo aus bestimmte Medien von einem bestimmten Benutzer angesehen, angeh\u00f6rt oder aufgerufen wurden und wie oft bestimmte Medien von einem bestimmten Benutzer angesehen, angeh\u00f6rt oder aufgerufen wurden).\u00a0<br \/>Die Verarbeitung der Daten erfolgt im Rahmen dieses Dienstes auch in den USA. Die durch die Cookies erzeugten Informationen \u00fcber Benutzung unserer Webseite werden in der Regel an einen Server von Wistia in den USA \u00fcbertragen und dort gespeichert. Mit der Verarbeitung Ihrer Daten in den USA sind entsprechende Risiken verbunden. Mit der Abgabe Ihrer Einwilligung \u00fcber unseren Cookie-Banner erkl\u00e4ren Sie sich trotz potenzieller Zugriffe durch US-Beh\u00f6rden mit der Verarbeitung Ihrer Daten in den USA einverstanden, Art. 49 Abs. 1 S. 1 lit. a DSGVO.<br \/>Weitere Informationen zu Zweck und Umfang der Datenerhebung und ihrer Verarbeitung durch Wistia erhalten Sie in der Wistia Datenschutzinformation. Die Wistia -Datenschutzinformation finden Sie unter<span>\u00a0<\/span><a href=\"https:\/\/wistia.com\/privacy\" rel=\"external noopener\" target=\"_blank\">https:\/\/wistia.com\/privacy<\/a>.<\/p>\n<p>&nbsp;<\/p>\n<p>&nbsp;<\/p>\n<p>&nbsp;<\/p>\n<p>&nbsp;<\/p>\n<p>&nbsp;<\/p>\n<p>&nbsp;<\/p>\n<p>&nbsp;<\/p>\n<p>&nbsp;<\/p>\n<p>&nbsp;<\/p>\n<p>&nbsp;<\/p>\n<p>&nbsp;<\/p>\n<p>&nbsp;<\/p>\n<p>&nbsp;<\/p>\n<p>&nbsp;<\/p>\n<p>&nbsp;<\/p>\n<p>&nbsp;<\/p>\n<p>&nbsp;<\/p>\n<p>&nbsp;<\/p>\n<p>&nbsp;<\/p>\n<p>&nbsp;<\/p>\n<p>&nbsp;<\/p>\n<p>&nbsp;<\/p>\n<p>&nbsp;<\/p>\n<p>&nbsp;<\/p>\n<p><!-- \/divi:paragraph -->[\/et_pb_text][\/et_pb_column][\/et_pb_row][\/et_pb_section]<\/p>\n","protected":false},"excerpt":{"rendered":"<p>Datenschutz &nbsp; Die Nutzung unserer Webseite ist in der Regel ohne Angabe personenbezogener Daten m\u00f6glich. Soweit auf unseren Seiten personenbezogene Daten (beispielsweise Name, Anschrift oder eMail-Adressen) erhoben werden, erfolgt dies, soweit m\u00f6glich, stets auf freiwilliger Basis. Diese Daten werden ohne Ihre ausdr\u00fcckliche Zustimmung nicht an Dritte weitergegeben. Wir weisen darauf hin, dass die Daten\u00fcbertragung im [&hellip;]<\/p>\n","protected":false},"author":1,"featured_media":0,"parent":48,"menu_order":0,"comment_status":"closed","ping_status":"closed","template":"","meta":{"_et_pb_use_builder":"on","_et_pb_old_content":"<!-- wp:heading -->\n<h2>Who we are<\/h2>\n<!-- \/wp:heading -->\n\n<!-- wp:paragraph -->\n<p><strong class=\"privacy-policy-tutorial\">Suggested text: <\/strong>Our website address is: https:\/\/unvisible.dentallabor-thiele.de.<\/p>\n<!-- \/wp:paragraph -->\n\n<!-- wp:heading -->\n<h2>Comments<\/h2>\n<!-- \/wp:heading -->\n\n<!-- wp:paragraph -->\n<p><strong class=\"privacy-policy-tutorial\">Suggested text: <\/strong>When visitors leave comments on the site we collect the data shown in the comments form, and also the visitor\u2019s IP address and browser user agent string to help spam detection.<\/p>\n<!-- \/wp:paragraph -->\n\n<!-- wp:paragraph -->\n<p>An anonymized string created from your email address (also called a hash) may be provided to the Gravatar service to see if you are using it. The Gravatar service privacy policy is available here: https:\/\/automattic.com\/privacy\/. After approval of your comment, your profile picture is visible to the public in the context of your comment.<\/p>\n<!-- \/wp:paragraph -->\n\n<!-- wp:heading -->\n<h2>Media<\/h2>\n<!-- \/wp:heading -->\n\n<!-- wp:paragraph -->\n<p><strong class=\"privacy-policy-tutorial\">Suggested text: <\/strong>If you upload images to the website, you should avoid uploading images with embedded location data (EXIF GPS) included. Visitors to the website can download and extract any location data from images on the website.<\/p>\n<!-- \/wp:paragraph -->\n\n<!-- wp:heading -->\n<h2>Cookies<\/h2>\n<!-- \/wp:heading -->\n\n<!-- wp:paragraph -->\n<p><strong class=\"privacy-policy-tutorial\">Suggested text: <\/strong>If you leave a comment on our site you may opt-in to saving your name, email address and website in cookies. These are for your convenience so that you do not have to fill in your details again when you leave another comment. These cookies will last for one year.<\/p>\n<!-- \/wp:paragraph -->\n\n<!-- wp:paragraph -->\n<p>If you visit our login page, we will set a temporary cookie to determine if your browser accepts cookies. This cookie contains no personal data and is discarded when you close your browser.<\/p>\n<!-- \/wp:paragraph -->\n\n<!-- wp:paragraph -->\n<p>When you log in, we will also set up several cookies to save your login information and your screen display choices. Login cookies last for two days, and screen options cookies last for a year. If you select \"Remember Me\", your login will persist for two weeks. If you log out of your account, the login cookies will be removed.<\/p>\n<!-- \/wp:paragraph -->\n\n<!-- wp:paragraph -->\n<p>If you edit or publish an article, an additional cookie will be saved in your browser. This cookie includes no personal data and simply indicates the post ID of the article you just edited. It expires after 1 day.<\/p>\n<!-- \/wp:paragraph -->\n\n<!-- wp:heading -->\n<h2>Embedded content from other websites<\/h2>\n<!-- \/wp:heading -->\n\n<!-- wp:paragraph -->\n<p><strong class=\"privacy-policy-tutorial\">Suggested text: <\/strong>Articles on this site may include embedded content (e.g. videos, images, articles, etc.). Embedded content from other websites behaves in the exact same way as if the visitor has visited the other website.<\/p>\n<!-- \/wp:paragraph -->\n\n<!-- wp:paragraph -->\n<p>These websites may collect data about you, use cookies, embed additional third-party tracking, and monitor your interaction with that embedded content, including tracking your interaction with the embedded content if you have an account and are logged in to that website.<\/p>\n<!-- \/wp:paragraph -->\n\n<!-- wp:heading -->\n<h2>Who we share your data with<\/h2>\n<!-- \/wp:heading -->\n\n<!-- wp:paragraph -->\n<p><strong class=\"privacy-policy-tutorial\">Suggested text: <\/strong>If you request a password reset, your IP address will be included in the reset email.<\/p>\n<!-- \/wp:paragraph -->\n\n<!-- wp:heading -->\n<h2>How long we retain your data<\/h2>\n<!-- \/wp:heading -->\n\n<!-- wp:paragraph -->\n<p><strong class=\"privacy-policy-tutorial\">Suggested text: <\/strong>If you leave a comment, the comment and its metadata are retained indefinitely. This is so we can recognize and approve any follow-up comments automatically instead of holding them in a moderation queue.<\/p>\n<!-- \/wp:paragraph -->\n\n<!-- wp:paragraph -->\n<p>For users that register on our website (if any), we also store the personal information they provide in their user profile. All users can see, edit, or delete their personal information at any time (except they cannot change their username). Website administrators can also see and edit that information.<\/p>\n<!-- \/wp:paragraph -->\n\n<!-- wp:heading -->\n<h2>What rights you have over your data<\/h2>\n<!-- \/wp:heading -->\n\n<!-- wp:paragraph -->\n<p><strong class=\"privacy-policy-tutorial\">Suggested text: <\/strong>If you have an account on this site, or have left comments, you can request to receive an exported file of the personal data we hold about you, including any data you have provided to us. You can also request that we erase any personal data we hold about you. This does not include any data we are obliged to keep for administrative, legal, or security purposes.<\/p>\n<!-- \/wp:paragraph -->\n\n<!-- wp:heading -->\n<h2>Where your data is sent<\/h2>\n<!-- \/wp:heading -->\n\n<!-- wp:paragraph -->\n<p><strong class=\"privacy-policy-tutorial\">Suggested text: <\/strong>Visitor comments may be checked through an automated spam detection service.<\/p>\n<!-- \/wp:paragraph -->","_et_gb_content_width":"","footnotes":""},"class_list":["post-3","page","type-page","status-publish","hentry"],"_links":{"self":[{"href":"https:\/\/dentallabor-thiele.de\/index.php?rest_route=\/wp\/v2\/pages\/3","targetHints":{"allow":["GET"]}}],"collection":[{"href":"https:\/\/dentallabor-thiele.de\/index.php?rest_route=\/wp\/v2\/pages"}],"about":[{"href":"https:\/\/dentallabor-thiele.de\/index.php?rest_route=\/wp\/v2\/types\/page"}],"author":[{"embeddable":true,"href":"https:\/\/dentallabor-thiele.de\/index.php?rest_route=\/wp\/v2\/users\/1"}],"replies":[{"embeddable":true,"href":"https:\/\/dentallabor-thiele.de\/index.php?rest_route=%2Fwp%2Fv2%2Fcomments&post=3"}],"version-history":[{"count":10,"href":"https:\/\/dentallabor-thiele.de\/index.php?rest_route=\/wp\/v2\/pages\/3\/revisions"}],"predecessor-version":[{"id":17229342,"href":"https:\/\/dentallabor-thiele.de\/index.php?rest_route=\/wp\/v2\/pages\/3\/revisions\/17229342"}],"up":[{"embeddable":true,"href":"https:\/\/dentallabor-thiele.de\/index.php?rest_route=\/wp\/v2\/pages\/48"}],"wp:attachment":[{"href":"https:\/\/dentallabor-thiele.de\/index.php?rest_route=%2Fwp%2Fv2%2Fmedia&parent=3"}],"curies":[{"name":"wp","href":"https:\/\/api.w.org\/{rel}","templated":true}]}}